{"id":6564,"date":"2021-12-08T13:15:40","date_gmt":"2021-12-08T12:15:40","guid":{"rendered":"https:\/\/www.carseatsandparts.com\/product\/recaro-modulair-l-zitting-schuimdeel-linkerzijwang\/"},"modified":"2026-02-03T21:09:42","modified_gmt":"2026-02-03T20:09:42","slug":"recaro-modulair-l-zitting-schuimdeel-linkerzijwang","status":"publish","type":"product","link":"https:\/\/www.carseatsandparts.com\/fr\/produit\/recaro-modulair-l-zitting-schuimdeel-linkerzijwang\/","title":{"rendered":"Si\u00e8ge RECARO Modular L Partie en mousse, c\u00f4t\u00e9 gauche"},"content":{"rendered":"","protected":false},"excerpt":{"rendered":"Pi\u00e8ce en mousse pour la joue du c\u00f4t\u00e9 gauche du si\u00e8ge L du RECARO Expert et Specialist. Num\u00e9ro d'article : 051.50.723.00","protected":false},"featured_media":9221,"comment_status":"open","ping_status":"closed","template":"","meta":{"_acf_changed":false},"product_brand":[],"product_cat":[1359,177],"product_tag":[462],"class_list":{"0":"post-6564","1":"product","2":"type-product","3":"status-publish","4":"has-post-thumbnail","6":"product_cat-recaro","7":"product_cat-zitting","8":"product_tag-051-50-723-00","9":"product_shipping_class-onderdelen-zijwang","11":"first","12":"instock","13":"taxable","14":"shipping-taxable","15":"purchasable","16":"product-type-simple"},"composite_virtual":false,"composite_layout":"","composite_add_to_cart_form_location":"","composite_editable_in_cart":false,"composite_sold_individually_context":"","composite_shop_price_calc":"","composite_components":[],"composite_scenarios":[],"exclude_global_add_ons":[],"addons":[],"acf":[],"yoast_head":null,"yoast_head_json":null,"_links":{"self":[{"href":"https:\/\/www.carseatsandparts.com\/fr\/wp-json\/wp\/v2\/product\/6564","targetHints":{"allow":["GET"]}}],"collection":[{"href":"https:\/\/www.carseatsandparts.com\/fr\/wp-json\/wp\/v2\/product"}],"about":[{"href":"https:\/\/www.carseatsandparts.com\/fr\/wp-json\/wp\/v2\/types\/product"}],"replies":[{"embeddable":true,"href":"https:\/\/www.carseatsandparts.com\/fr\/wp-json\/wp\/v2\/comments?post=6564"}],"wp:featuredmedia":[{"embeddable":true,"href":"https:\/\/www.carseatsandparts.com\/fr\/wp-json\/wp\/v2\/media\/9221"}],"wp:attachment":[{"href":"https:\/\/www.carseatsandparts.com\/fr\/wp-json\/wp\/v2\/media?parent=6564"}],"wp:term":[{"taxonomy":"product_brand","embeddable":true,"href":"https:\/\/www.carseatsandparts.com\/fr\/wp-json\/wp\/v2\/product_brand?post=6564"},{"taxonomy":"product_cat","embeddable":true,"href":"https:\/\/www.carseatsandparts.com\/fr\/wp-json\/wp\/v2\/product_cat?post=6564"},{"taxonomy":"product_tag","embeddable":true,"href":"https:\/\/www.carseatsandparts.com\/fr\/wp-json\/wp\/v2\/product_tag?post=6564"}],"curies":[{"name":"wp","href":"https:\/\/api.w.org\/{rel}","templated":true}]}}