{"id":6590,"date":"2021-12-08T13:15:44","date_gmt":"2021-12-08T12:15:44","guid":{"rendered":"https:\/\/www.carseatsandparts.com\/product\/recaro-style-schuimdeel-rugzijwang-links\/"},"modified":"2024-12-04T11:20:56","modified_gmt":"2024-12-04T10:20:56","slug":"recaro-style-schuimdeel-rugzijwang-links","status":"publish","type":"product","link":"https:\/\/www.carseatsandparts.com\/fr\/produit\/recaro-style-schuimdeel-rugzijwang-links\/","title":{"rendered":"Coque arri\u00e8re en mousse de style RECARO, gauche"},"content":{"rendered":"","protected":false},"excerpt":{"rendered":"Partie arri\u00e8re de la joue gauche en mousse de style RECARO. Num\u00e9ro d'article : 468885","protected":false},"featured_media":9059,"comment_status":"open","ping_status":"closed","template":"","meta":{"_acf_changed":false},"product_brand":[],"product_cat":[1359,178],"product_tag":[327],"class_list":{"0":"post-6590","1":"product","2":"type-product","3":"status-publish","4":"has-post-thumbnail","6":"product_cat-recaro","7":"product_cat-rugleuning","8":"product_tag-327","9":"product_shipping_class-onderdelen-klein-pakket","11":"first","12":"instock","13":"taxable","14":"shipping-taxable","15":"purchasable","16":"product-type-simple"},"composite_virtual":false,"composite_layout":"","composite_add_to_cart_form_location":"","composite_editable_in_cart":false,"composite_sold_individually_context":"","composite_shop_price_calc":"","composite_components":[],"composite_scenarios":[],"exclude_global_add_ons":[],"addons":[],"acf":[],"yoast_head":null,"yoast_head_json":null,"_links":{"self":[{"href":"https:\/\/www.carseatsandparts.com\/fr\/wp-json\/wp\/v2\/product\/6590","targetHints":{"allow":["GET"]}}],"collection":[{"href":"https:\/\/www.carseatsandparts.com\/fr\/wp-json\/wp\/v2\/product"}],"about":[{"href":"https:\/\/www.carseatsandparts.com\/fr\/wp-json\/wp\/v2\/types\/product"}],"replies":[{"embeddable":true,"href":"https:\/\/www.carseatsandparts.com\/fr\/wp-json\/wp\/v2\/comments?post=6590"}],"wp:featuredmedia":[{"embeddable":true,"href":"https:\/\/www.carseatsandparts.com\/fr\/wp-json\/wp\/v2\/media\/9059"}],"wp:attachment":[{"href":"https:\/\/www.carseatsandparts.com\/fr\/wp-json\/wp\/v2\/media?parent=6590"}],"wp:term":[{"taxonomy":"product_brand","embeddable":true,"href":"https:\/\/www.carseatsandparts.com\/fr\/wp-json\/wp\/v2\/product_brand?post=6590"},{"taxonomy":"product_cat","embeddable":true,"href":"https:\/\/www.carseatsandparts.com\/fr\/wp-json\/wp\/v2\/product_cat?post=6590"},{"taxonomy":"product_tag","embeddable":true,"href":"https:\/\/www.carseatsandparts.com\/fr\/wp-json\/wp\/v2\/product_tag?post=6590"}],"curies":[{"name":"wp","href":"https:\/\/api.w.org\/{rel}","templated":true}]}}