{"id":6606,"date":"2021-12-08T13:15:48","date_gmt":"2021-12-08T12:15:48","guid":{"rendered":"https:\/\/www.carseatsandparts.com\/product\/bekleding-kunstleder-paars\/"},"modified":"2026-01-15T16:24:27","modified_gmt":"2026-01-15T15:24:27","slug":"bekleding-kunstleder-paars","status":"publish","type":"product","link":"https:\/\/www.carseatsandparts.com\/fr\/produit\/bekleding-kunstleder-paars\/","title":{"rendered":"Garniture cuir artificiel Purple"},"content":{"rendered":"","protected":false},"excerpt":{"rendered":"<strong>Rev\u00eatement en cuir synth\u00e9tique violet par m\u00e8tre lin\u00e9aire<\/strong>\r\n\r\nKunstleder Paars bekleding per strekkende meter is geschikt voor het herstellen, aanpassen en custom bekleden van autostoelen en interieuronderdelen. Deze bekleding wordt veel toegepast bij sportstoelen, schaalstoelen en maatwerk interieurprojecten en is geschikt voor zowel reparaties als volledige herbekleding.\r\n\r\nDoordat de Kunstleder Paars bekleding per strekkende meter wordt geleverd, kunt u exact de hoeveelheid bestellen die nodig is voor uw project. Dit maakt deze bekleding per strekkende meter ideaal voor restauraties, deelreparaties en custom bekleedwerk.\r\n\r\n&nbsp;","protected":false},"featured_media":7737,"comment_status":"open","ping_status":"closed","template":"","meta":{"_acf_changed":false},"product_brand":[],"product_cat":[225],"product_tag":[746],"class_list":{"0":"post-6606","1":"product","2":"type-product","3":"status-publish","4":"has-post-thumbnail","6":"product_cat-per-strekkende-meter","7":"product_tag-746","8":"product_shipping_class-onderdelen-console","10":"first","11":"instock","12":"taxable","13":"shipping-taxable","14":"purchasable","15":"product-type-simple"},"composite_virtual":false,"composite_layout":"","composite_add_to_cart_form_location":"","composite_editable_in_cart":false,"composite_sold_individually_context":"","composite_shop_price_calc":"","composite_components":[],"composite_scenarios":[],"exclude_global_add_ons":[],"addons":[],"acf":[],"yoast_head":null,"yoast_head_json":null,"_links":{"self":[{"href":"https:\/\/www.carseatsandparts.com\/fr\/wp-json\/wp\/v2\/product\/6606","targetHints":{"allow":["GET"]}}],"collection":[{"href":"https:\/\/www.carseatsandparts.com\/fr\/wp-json\/wp\/v2\/product"}],"about":[{"href":"https:\/\/www.carseatsandparts.com\/fr\/wp-json\/wp\/v2\/types\/product"}],"replies":[{"embeddable":true,"href":"https:\/\/www.carseatsandparts.com\/fr\/wp-json\/wp\/v2\/comments?post=6606"}],"wp:featuredmedia":[{"embeddable":true,"href":"https:\/\/www.carseatsandparts.com\/fr\/wp-json\/wp\/v2\/media\/7737"}],"wp:attachment":[{"href":"https:\/\/www.carseatsandparts.com\/fr\/wp-json\/wp\/v2\/media?parent=6606"}],"wp:term":[{"taxonomy":"product_brand","embeddable":true,"href":"https:\/\/www.carseatsandparts.com\/fr\/wp-json\/wp\/v2\/product_brand?post=6606"},{"taxonomy":"product_cat","embeddable":true,"href":"https:\/\/www.carseatsandparts.com\/fr\/wp-json\/wp\/v2\/product_cat?post=6606"},{"taxonomy":"product_tag","embeddable":true,"href":"https:\/\/www.carseatsandparts.com\/fr\/wp-json\/wp\/v2\/product_tag?post=6606"}],"curies":[{"name":"wp","href":"https:\/\/api.w.org\/{rel}","templated":true}]}}