{"id":6613,"date":"2021-12-08T13:15:49","date_gmt":"2021-12-08T12:15:49","guid":{"rendered":"https:\/\/www.carseatsandparts.com\/product\/bekleding-artista-zwart\/"},"modified":"2026-01-15T16:29:58","modified_gmt":"2026-01-15T15:29:58","slug":"bekleding-artista-zwart","status":"publish","type":"product","link":"https:\/\/www.carseatsandparts.com\/fr\/produit\/bekleding-artista-zwart\/","title":{"rendered":"Sellerie Artista Black"},"content":{"rendered":"<p>Rembourrage RECARO tissu Artista noir avec couche de mousse de 3mm. Num\u00e9ro d'article 7209120 (ancien num\u00e9ro 7209187)<\/p>","protected":false},"excerpt":{"rendered":"<strong>Rev\u00eatement Artista Black par m\u00e8tre lin\u00e9aire<\/strong>\r\n\r\nArtista Zwart bekleding per strekkende meter is geschikt voor het herstellen, aanpassen en custom bekleden van autostoelen en interieuronderdelen. Deze bekleding wordt veel toegepast bij sportstoelen, schaalstoelen en maatwerk interieurprojecten en is geschikt voor zowel reparaties als volledige herbekleding.\r\n\r\nDoordat de Artista Zwart bekleding per strekkende meter wordt geleverd, kunt u exact de hoeveelheid bestellen die nodig is voor uw project. Dit maakt deze bekleding per strekkende meter ideaal voor restauraties, deelreparaties en custom bekleedwerk.","protected":false},"featured_media":7714,"comment_status":"open","ping_status":"closed","template":"","meta":{"_acf_changed":false},"product_brand":[1284],"product_cat":[225,1359],"product_tag":[745],"class_list":{"0":"post-6613","1":"product","2":"type-product","3":"status-publish","4":"has-post-thumbnail","6":"product_brand-recaro","7":"product_cat-per-strekkende-meter","8":"product_cat-recaro","9":"product_tag-745","10":"product_shipping_class-onderdelen-console","12":"first","13":"onbackorder","14":"taxable","15":"shipping-taxable","16":"purchasable","17":"product-type-simple"},"composite_virtual":false,"composite_layout":"","composite_add_to_cart_form_location":"","composite_editable_in_cart":false,"composite_sold_individually_context":"","composite_shop_price_calc":"","composite_components":[],"composite_scenarios":[],"exclude_global_add_ons":[],"addons":[],"acf":[],"yoast_head":null,"yoast_head_json":null,"_links":{"self":[{"href":"https:\/\/www.carseatsandparts.com\/fr\/wp-json\/wp\/v2\/product\/6613","targetHints":{"allow":["GET"]}}],"collection":[{"href":"https:\/\/www.carseatsandparts.com\/fr\/wp-json\/wp\/v2\/product"}],"about":[{"href":"https:\/\/www.carseatsandparts.com\/fr\/wp-json\/wp\/v2\/types\/product"}],"replies":[{"embeddable":true,"href":"https:\/\/www.carseatsandparts.com\/fr\/wp-json\/wp\/v2\/comments?post=6613"}],"wp:featuredmedia":[{"embeddable":true,"href":"https:\/\/www.carseatsandparts.com\/fr\/wp-json\/wp\/v2\/media\/7714"}],"wp:attachment":[{"href":"https:\/\/www.carseatsandparts.com\/fr\/wp-json\/wp\/v2\/media?parent=6613"}],"wp:term":[{"taxonomy":"product_brand","embeddable":true,"href":"https:\/\/www.carseatsandparts.com\/fr\/wp-json\/wp\/v2\/product_brand?post=6613"},{"taxonomy":"product_cat","embeddable":true,"href":"https:\/\/www.carseatsandparts.com\/fr\/wp-json\/wp\/v2\/product_cat?post=6613"},{"taxonomy":"product_tag","embeddable":true,"href":"https:\/\/www.carseatsandparts.com\/fr\/wp-json\/wp\/v2\/product_tag?post=6613"}],"curies":[{"name":"wp","href":"https:\/\/api.w.org\/{rel}","templated":true}]}}