{"id":6618,"date":"2021-12-08T13:15:49","date_gmt":"2021-12-08T12:15:49","guid":{"rendered":"https:\/\/www.carseatsandparts.com\/product\/bekleding-stof-porsche-911sc-turbo-groen-blauw-2ac\/"},"modified":"2026-01-23T13:45:25","modified_gmt":"2026-01-23T12:45:25","slug":"bekleding-stof-porsche-911sc-turbo-groen-blauw-2ac","status":"publish","type":"product","link":"https:\/\/www.carseatsandparts.com\/fr\/produit\/bekleding-stof-porsche-911sc-turbo-groen-blauw-2ac\/","title":{"rendered":"Tissu d'ameublement Porsche 911SC Turbo Green\/Blue 2AC"},"content":{"rendered":"","protected":false},"excerpt":{"rendered":"<strong>Rev\u00eatement de la Porsche 911SC Turbo par m\u00e8tre lin\u00e9aire<\/strong>\r\n\r\nPorsche 911SC Turbo groen\/blauw 2AC PORS18237 bekleding per strekkende meter is geschikt voor het herstellen, aanpassen en custom bekleden van autostoelen en interieuronderdelen. Deze bekleding wordt veel toegepast bij sportstoelen, schaalstoelen en maatwerk interieurprojecten en is geschikt voor zowel reparaties als volledige herbekleding.\r\n\r\nDoordat de Porsche 911SC Turbo bekleding per strekkende meter wordt geleverd, kunt u exact de hoeveelheid bestellen die nodig is voor uw project. Dit maakt deze bekleding per strekkende meter ideaal voor restauraties, deelreparaties en custom bekleedwerk.","protected":false},"featured_media":7727,"comment_status":"open","ping_status":"closed","template":"","meta":{"_acf_changed":false},"product_brand":[],"product_cat":[225,1358],"product_tag":[742],"class_list":{"0":"post-6618","1":"product","2":"type-product","3":"status-publish","4":"has-post-thumbnail","6":"product_cat-per-strekkende-meter","7":"product_cat-porsche","8":"product_tag-pors18237","9":"product_shipping_class-onderdelen-console","11":"first","12":"instock","13":"taxable","14":"shipping-taxable","15":"purchasable","16":"product-type-simple"},"composite_virtual":false,"composite_layout":"","composite_add_to_cart_form_location":"","composite_editable_in_cart":false,"composite_sold_individually_context":"","composite_shop_price_calc":"","composite_components":[],"composite_scenarios":[],"exclude_global_add_ons":[],"addons":[],"acf":[],"yoast_head":null,"yoast_head_json":null,"_links":{"self":[{"href":"https:\/\/www.carseatsandparts.com\/fr\/wp-json\/wp\/v2\/product\/6618","targetHints":{"allow":["GET"]}}],"collection":[{"href":"https:\/\/www.carseatsandparts.com\/fr\/wp-json\/wp\/v2\/product"}],"about":[{"href":"https:\/\/www.carseatsandparts.com\/fr\/wp-json\/wp\/v2\/types\/product"}],"replies":[{"embeddable":true,"href":"https:\/\/www.carseatsandparts.com\/fr\/wp-json\/wp\/v2\/comments?post=6618"}],"wp:featuredmedia":[{"embeddable":true,"href":"https:\/\/www.carseatsandparts.com\/fr\/wp-json\/wp\/v2\/media\/7727"}],"wp:attachment":[{"href":"https:\/\/www.carseatsandparts.com\/fr\/wp-json\/wp\/v2\/media?parent=6618"}],"wp:term":[{"taxonomy":"product_brand","embeddable":true,"href":"https:\/\/www.carseatsandparts.com\/fr\/wp-json\/wp\/v2\/product_brand?post=6618"},{"taxonomy":"product_cat","embeddable":true,"href":"https:\/\/www.carseatsandparts.com\/fr\/wp-json\/wp\/v2\/product_cat?post=6618"},{"taxonomy":"product_tag","embeddable":true,"href":"https:\/\/www.carseatsandparts.com\/fr\/wp-json\/wp\/v2\/product_tag?post=6618"}],"curies":[{"name":"wp","href":"https:\/\/api.w.org\/{rel}","templated":true}]}}