{"id":8551,"date":"2022-01-13T11:54:20","date_gmt":"2022-01-13T10:54:20","guid":{"rendered":"https:\/\/www.carseatsandparts.com\/product\/interior-vw-golf-8-r-leather-black-blue-stitch\/"},"modified":"2025-06-12T21:32:36","modified_gmt":"2025-06-12T19:32:36","slug":"interior-vw-golf-8-r-leather-black-blue-stitch","status":"publish","type":"product","link":"https:\/\/www.carseatsandparts.com\/fr\/product\/interior-vw-golf-8-r-leather-black-blue-stitch\/","title":{"rendered":"Int\u00e9rieur VW Golf 8 R Cuir Noir\/Piq\u00fbres Bleues"},"content":{"rendered":"","protected":false},"excerpt":{"rendered":"Int\u00e9rieur Volkswagen Golf 8 R r\u00e9alis\u00e9 dans une combinaison de cuir noir avec des surpiq\u00fbres bleues, Installation Plug and play dans une Golf 8, l'int\u00e9rieur provient d'une voiture de d\u00e9monstration et est comme neuf. Le si\u00e8ge du conducteur est dot\u00e9 des caract\u00e9ristiques suivantes : m\u00e9moire, r\u00e9glage \u00e9lectrique de l'angle et de la hauteur, lombaires et dossier \u00e9lectriques. Le si\u00e8ge du passager est dot\u00e9 d'un r\u00e9glage manuel de la hauteur et de l'angle, d'un soutien lombaire manuel et d'un r\u00e9glage manuel du dossier. Les airbags sont inclus dans cet int\u00e9rieur.","protected":false},"featured_media":8384,"comment_status":"open","ping_status":"closed","template":"","meta":{"_acf_changed":false},"product_brand":[],"product_cat":[115,1355],"product_tag":[736],"class_list":{"0":"post-8551","1":"product","2":"type-product","3":"status-publish","4":"has-post-thumbnail","6":"product_cat-demo-interieurs","7":"product_cat-volkswagen","8":"product_tag-736","9":"product_shipping_class-auto-interieurs","11":"first","12":"outofstock","13":"taxable","14":"shipping-taxable","15":"purchasable","16":"product-type-simple"},"composite_virtual":false,"composite_layout":"","composite_add_to_cart_form_location":"","composite_editable_in_cart":false,"composite_sold_individually_context":"","composite_shop_price_calc":"","composite_components":[],"composite_scenarios":[],"exclude_global_add_ons":[],"addons":[],"acf":[],"yoast_head":null,"yoast_head_json":null,"_links":{"self":[{"href":"https:\/\/www.carseatsandparts.com\/fr\/wp-json\/wp\/v2\/product\/8551","targetHints":{"allow":["GET"]}}],"collection":[{"href":"https:\/\/www.carseatsandparts.com\/fr\/wp-json\/wp\/v2\/product"}],"about":[{"href":"https:\/\/www.carseatsandparts.com\/fr\/wp-json\/wp\/v2\/types\/product"}],"replies":[{"embeddable":true,"href":"https:\/\/www.carseatsandparts.com\/fr\/wp-json\/wp\/v2\/comments?post=8551"}],"wp:featuredmedia":[{"embeddable":true,"href":"https:\/\/www.carseatsandparts.com\/fr\/wp-json\/wp\/v2\/media\/8384"}],"wp:attachment":[{"href":"https:\/\/www.carseatsandparts.com\/fr\/wp-json\/wp\/v2\/media?parent=8551"}],"wp:term":[{"taxonomy":"product_brand","embeddable":true,"href":"https:\/\/www.carseatsandparts.com\/fr\/wp-json\/wp\/v2\/product_brand?post=8551"},{"taxonomy":"product_cat","embeddable":true,"href":"https:\/\/www.carseatsandparts.com\/fr\/wp-json\/wp\/v2\/product_cat?post=8551"},{"taxonomy":"product_tag","embeddable":true,"href":"https:\/\/www.carseatsandparts.com\/fr\/wp-json\/wp\/v2\/product_tag?post=8551"}],"curies":[{"name":"wp","href":"https:\/\/api.w.org\/{rel}","templated":true}]}}