{"id":8711,"date":"2022-01-31T15:45:33","date_gmt":"2022-01-31T14:45:33","guid":{"rendered":"https:\/\/www.carseatsandparts.com\/?post_type=product&#038;p=8711"},"modified":"2024-12-04T11:21:01","modified_gmt":"2024-12-04T10:21:01","slug":"interieur-bmw-m5-f90-leder-silverstone-2","status":"publish","type":"product","link":"https:\/\/www.carseatsandparts.com\/fr\/produit\/interieur-bmw-m5-f90-leder-silverstone-2\/","title":{"rendered":"Int\u00e9rieur BMW M5 (F90) Cuir Silverstone"},"content":{"rendered":"","protected":false},"excerpt":{"rendered":"L'int\u00e9rieur de la BMW M5 (F90) est rev\u00eatu d'une combinaison de cuir noir et de cuir Silverstone, les panneaux sont \u00e9galement recouverts de cuir Silverstone et de surpiq\u00fbres noires. Les si\u00e8ges sont r\u00e9glables \u00e9lectriquement et pr\u00eats \u00e0 \u00eatre install\u00e9s dans une BMW M5 (mod\u00e8le F90). Ils disposent d'un support lombaire \u00e9lectrique, d'un si\u00e8ge chauffant et d'une m\u00e9moire. L'int\u00e9rieur provient d'une voiture de d\u00e9monstration et est comme neuf, avec seulement une petite rayure sur le si\u00e8ge arri\u00e8re que l'on peut voir sur les photos. Les airbags, les ceintures de s\u00e9curit\u00e9, les haut-parleurs et la console centrale ne sont pas inclus.","protected":false},"featured_media":9351,"comment_status":"open","ping_status":"closed","template":"","meta":{"_acf_changed":false},"product_brand":[],"product_cat":[1356,115],"product_tag":[468,983,987,972,986],"class_list":{"0":"post-8711","1":"product","2":"type-product","3":"status-publish","4":"has-post-thumbnail","6":"product_cat-bmw","7":"product_cat-demo-interieurs","8":"product_tag-468","9":"product_tag-bmw","10":"product_tag-f90","11":"product_tag-interieur","12":"product_tag-m5","13":"product_shipping_class-auto-interieurs","15":"first","16":"outofstock","17":"taxable","18":"shipping-taxable","19":"purchasable","20":"product-type-simple"},"composite_virtual":false,"composite_layout":"","composite_add_to_cart_form_location":"","composite_editable_in_cart":false,"composite_sold_individually_context":"","composite_shop_price_calc":"","composite_components":[],"composite_scenarios":[],"exclude_global_add_ons":[],"addons":[],"acf":[],"yoast_head":null,"yoast_head_json":null,"_links":{"self":[{"href":"https:\/\/www.carseatsandparts.com\/fr\/wp-json\/wp\/v2\/product\/8711","targetHints":{"allow":["GET"]}}],"collection":[{"href":"https:\/\/www.carseatsandparts.com\/fr\/wp-json\/wp\/v2\/product"}],"about":[{"href":"https:\/\/www.carseatsandparts.com\/fr\/wp-json\/wp\/v2\/types\/product"}],"replies":[{"embeddable":true,"href":"https:\/\/www.carseatsandparts.com\/fr\/wp-json\/wp\/v2\/comments?post=8711"}],"wp:featuredmedia":[{"embeddable":true,"href":"https:\/\/www.carseatsandparts.com\/fr\/wp-json\/wp\/v2\/media\/9351"}],"wp:attachment":[{"href":"https:\/\/www.carseatsandparts.com\/fr\/wp-json\/wp\/v2\/media?parent=8711"}],"wp:term":[{"taxonomy":"product_brand","embeddable":true,"href":"https:\/\/www.carseatsandparts.com\/fr\/wp-json\/wp\/v2\/product_brand?post=8711"},{"taxonomy":"product_cat","embeddable":true,"href":"https:\/\/www.carseatsandparts.com\/fr\/wp-json\/wp\/v2\/product_cat?post=8711"},{"taxonomy":"product_tag","embeddable":true,"href":"https:\/\/www.carseatsandparts.com\/fr\/wp-json\/wp\/v2\/product_tag?post=8711"}],"curies":[{"name":"wp","href":"https:\/\/api.w.org\/{rel}","templated":true}]}}