{"id":9266,"date":"2022-02-21T08:24:48","date_gmt":"2022-02-21T07:24:48","guid":{"rendered":"https:\/\/www.carseatsandparts.com\/?post_type=product&#038;p=9266"},"modified":"2025-01-21T11:35:15","modified_gmt":"2025-01-21T10:35:15","slug":"frame-zitting-recaro-style-met-hoogteverstelling","status":"publish","type":"product","link":"https:\/\/www.carseatsandparts.com\/fr\/produit\/frame-zitting-recaro-style-met-hoogteverstelling\/","title":{"rendered":"Si\u00e8ge cadre RECARO Style avec r\u00e9glage en hauteur"},"content":{"rendered":"","protected":false},"excerpt":{"rendered":"Cadre pour si\u00e8ge RECARO Style avec r\u00e9glage en hauteur. Num\u00e9ro d'article : 375104","protected":false},"featured_media":9267,"comment_status":"open","ping_status":"closed","template":"","meta":{"_acf_changed":false},"product_brand":[],"product_cat":[116,117,1359],"product_tag":[830],"class_list":{"0":"post-9266","1":"product","2":"type-product","3":"status-publish","4":"has-post-thumbnail","6":"product_cat-onderdelen","7":"product_cat-autostoel-onderdelen","8":"product_cat-recaro","9":"product_tag-830","10":"product_shipping_class-onderdelen-console","12":"first","13":"onbackorder","14":"taxable","15":"shipping-taxable","16":"purchasable","17":"product-type-simple"},"composite_virtual":false,"composite_layout":"","composite_add_to_cart_form_location":"","composite_editable_in_cart":false,"composite_sold_individually_context":"","composite_shop_price_calc":"","composite_components":[],"composite_scenarios":[],"exclude_global_add_ons":[],"addons":[],"acf":[],"yoast_head":null,"yoast_head_json":null,"_links":{"self":[{"href":"https:\/\/www.carseatsandparts.com\/fr\/wp-json\/wp\/v2\/product\/9266","targetHints":{"allow":["GET"]}}],"collection":[{"href":"https:\/\/www.carseatsandparts.com\/fr\/wp-json\/wp\/v2\/product"}],"about":[{"href":"https:\/\/www.carseatsandparts.com\/fr\/wp-json\/wp\/v2\/types\/product"}],"replies":[{"embeddable":true,"href":"https:\/\/www.carseatsandparts.com\/fr\/wp-json\/wp\/v2\/comments?post=9266"}],"wp:featuredmedia":[{"embeddable":true,"href":"https:\/\/www.carseatsandparts.com\/fr\/wp-json\/wp\/v2\/media\/9267"}],"wp:attachment":[{"href":"https:\/\/www.carseatsandparts.com\/fr\/wp-json\/wp\/v2\/media?parent=9266"}],"wp:term":[{"taxonomy":"product_brand","embeddable":true,"href":"https:\/\/www.carseatsandparts.com\/fr\/wp-json\/wp\/v2\/product_brand?post=9266"},{"taxonomy":"product_cat","embeddable":true,"href":"https:\/\/www.carseatsandparts.com\/fr\/wp-json\/wp\/v2\/product_cat?post=9266"},{"taxonomy":"product_tag","embeddable":true,"href":"https:\/\/www.carseatsandparts.com\/fr\/wp-json\/wp\/v2\/product_tag?post=9266"}],"curies":[{"name":"wp","href":"https:\/\/api.w.org\/{rel}","templated":true}]}}