{"id":9635,"date":"2022-06-22T09:53:32","date_gmt":"2022-06-22T07:53:32","guid":{"rendered":"https:\/\/www.carseatsandparts.com\/?post_type=product&#038;p=9635"},"modified":"2024-12-04T11:21:05","modified_gmt":"2024-12-04T10:21:05","slug":"interieur-vw-golf-8-r-leder-zwart-grijs-stiksel-kopie","status":"publish","type":"product","link":"https:\/\/www.carseatsandparts.com\/fr\/product\/interieur-vw-golf-8-r-leder-zwart-grijs-stiksel-kopie\/","title":{"rendered":"Int\u00e9rieur VW Golf 8 R Cuir noir\/pourvu de surpiq\u00fbres grises"},"content":{"rendered":"","protected":false},"excerpt":{"rendered":"Int\u00e9rieur Volkswagen Golf 8 R r\u00e9alis\u00e9 dans une combinaison de cuir noir avec des surpiq\u00fbres grises, Installation Plug and play dans une Golf 8, l'int\u00e9rieur provient d'une voiture de d\u00e9monstration et est comme neuf. Le si\u00e8ge du conducteur est dot\u00e9 des caract\u00e9ristiques suivantes : m\u00e9moire, r\u00e9glage \u00e9lectrique de l'angle et de la hauteur, lombaires et dossier \u00e9lectriques. Le si\u00e8ge du passager n'a pas de m\u00e9moire mais toutes les autres fonctions dont dispose le si\u00e8ge du conducteur. Les airbags sont inclus dans cet int\u00e9rieur.","protected":false},"featured_media":10590,"comment_status":"open","ping_status":"closed","template":"","meta":{"_acf_changed":false},"product_brand":[],"product_cat":[115,1355],"product_tag":[],"class_list":{"0":"post-9635","1":"product","2":"type-product","3":"status-publish","4":"has-post-thumbnail","6":"product_cat-demo-interieurs","7":"product_cat-volkswagen","8":"product_shipping_class-auto-interieurs","10":"first","11":"outofstock","12":"taxable","13":"shipping-taxable","14":"purchasable","15":"product-type-simple"},"composite_virtual":false,"composite_layout":"","composite_add_to_cart_form_location":"","composite_editable_in_cart":false,"composite_sold_individually_context":"","composite_shop_price_calc":"","composite_components":[],"composite_scenarios":[],"exclude_global_add_ons":[],"addons":[],"acf":[],"yoast_head":null,"yoast_head_json":null,"_links":{"self":[{"href":"https:\/\/www.carseatsandparts.com\/fr\/wp-json\/wp\/v2\/product\/9635","targetHints":{"allow":["GET"]}}],"collection":[{"href":"https:\/\/www.carseatsandparts.com\/fr\/wp-json\/wp\/v2\/product"}],"about":[{"href":"https:\/\/www.carseatsandparts.com\/fr\/wp-json\/wp\/v2\/types\/product"}],"replies":[{"embeddable":true,"href":"https:\/\/www.carseatsandparts.com\/fr\/wp-json\/wp\/v2\/comments?post=9635"}],"wp:featuredmedia":[{"embeddable":true,"href":"https:\/\/www.carseatsandparts.com\/fr\/wp-json\/wp\/v2\/media\/10590"}],"wp:attachment":[{"href":"https:\/\/www.carseatsandparts.com\/fr\/wp-json\/wp\/v2\/media?parent=9635"}],"wp:term":[{"taxonomy":"product_brand","embeddable":true,"href":"https:\/\/www.carseatsandparts.com\/fr\/wp-json\/wp\/v2\/product_brand?post=9635"},{"taxonomy":"product_cat","embeddable":true,"href":"https:\/\/www.carseatsandparts.com\/fr\/wp-json\/wp\/v2\/product_cat?post=9635"},{"taxonomy":"product_tag","embeddable":true,"href":"https:\/\/www.carseatsandparts.com\/fr\/wp-json\/wp\/v2\/product_tag?post=9635"}],"curies":[{"name":"wp","href":"https:\/\/api.w.org\/{rel}","templated":true}]}}