{"id":9853,"date":"2022-07-11T15:37:42","date_gmt":"2022-07-11T13:37:42","guid":{"rendered":"https:\/\/www.carseatsandparts.com\/?post_type=product&#038;p=9853"},"modified":"2025-01-21T11:35:12","modified_gmt":"2025-01-21T10:35:12","slug":"bekleding-set-rugleuning-en-zitting-recaro-sportster-cs-links","status":"publish","type":"product","link":"https:\/\/www.carseatsandparts.com\/fr\/product\/bekleding-set-rugleuning-en-zitting-recaro-sportster-cs-links\/","title":{"rendered":"Jeu de housses de si\u00e8ge et de dossier RECARO Sportster CS Gauche"},"content":{"rendered":"","protected":false},"excerpt":{"rendered":"Set de sellerie RECARO Cross Sportster enti\u00e8rement r\u00e9alis\u00e9 en cuir synth\u00e9tique et destin\u00e9 au si\u00e8ge gauche Num\u00e9ro d'article : 410.00.030.575 &amp; 410.00.170.575","protected":false},"featured_media":9854,"comment_status":"open","ping_status":"closed","template":"","meta":{"_acf_changed":false},"product_brand":[1284],"product_cat":[227,1359],"product_tag":[283,873],"class_list":{"0":"post-9853","1":"product","2":"type-product","3":"status-publish","4":"has-post-thumbnail","6":"product_brand-recaro","7":"product_cat-bekleding-set","8":"product_cat-recaro","9":"product_tag-410-00-030-575","10":"product_tag-410-00-170-575","11":"product_shipping_class-onderdelen-console","13":"first","14":"onbackorder","15":"taxable","16":"shipping-taxable","17":"purchasable","18":"product-type-simple"},"composite_virtual":false,"composite_layout":"","composite_add_to_cart_form_location":"","composite_editable_in_cart":false,"composite_sold_individually_context":"","composite_shop_price_calc":"","composite_components":[],"composite_scenarios":[],"exclude_global_add_ons":[],"addons":[],"acf":[],"yoast_head":null,"yoast_head_json":null,"_links":{"self":[{"href":"https:\/\/www.carseatsandparts.com\/fr\/wp-json\/wp\/v2\/product\/9853","targetHints":{"allow":["GET"]}}],"collection":[{"href":"https:\/\/www.carseatsandparts.com\/fr\/wp-json\/wp\/v2\/product"}],"about":[{"href":"https:\/\/www.carseatsandparts.com\/fr\/wp-json\/wp\/v2\/types\/product"}],"replies":[{"embeddable":true,"href":"https:\/\/www.carseatsandparts.com\/fr\/wp-json\/wp\/v2\/comments?post=9853"}],"wp:featuredmedia":[{"embeddable":true,"href":"https:\/\/www.carseatsandparts.com\/fr\/wp-json\/wp\/v2\/media\/9854"}],"wp:attachment":[{"href":"https:\/\/www.carseatsandparts.com\/fr\/wp-json\/wp\/v2\/media?parent=9853"}],"wp:term":[{"taxonomy":"product_brand","embeddable":true,"href":"https:\/\/www.carseatsandparts.com\/fr\/wp-json\/wp\/v2\/product_brand?post=9853"},{"taxonomy":"product_cat","embeddable":true,"href":"https:\/\/www.carseatsandparts.com\/fr\/wp-json\/wp\/v2\/product_cat?post=9853"},{"taxonomy":"product_tag","embeddable":true,"href":"https:\/\/www.carseatsandparts.com\/fr\/wp-json\/wp\/v2\/product_tag?post=9853"}],"curies":[{"name":"wp","href":"https:\/\/api.w.org\/{rel}","templated":true}]}}