{"id":9886,"date":"2022-07-11T16:08:13","date_gmt":"2022-07-11T14:08:13","guid":{"rendered":"https:\/\/www.carseatsandparts.com\/?post_type=product&#038;p=9886"},"modified":"2024-12-04T11:21:07","modified_gmt":"2024-12-04T10:21:07","slug":"recaro-bekleding-set-rugleuning-zitting-cross-sportster-rechts-2","status":"publish","type":"product","link":"https:\/\/www.carseatsandparts.com\/fr\/produit\/recaro-bekleding-set-rugleuning-zitting-cross-sportster-rechts-2\/","title":{"rendered":"RECARO Ensemble de tapisserie dossier et si\u00e8ge Cross Sportster Droit"},"content":{"rendered":"","protected":false},"excerpt":{"rendered":"Jeu de garnitures pour RECARO Cross Sportster pour le dossier et le si\u00e8ge. R\u00e9alis\u00e9 en tissu Artista Nardo noir et est destin\u00e9 au si\u00e8ge droit. Num\u00e9ro d'article : 410.00.030.351 &amp; 410.00.270.351","protected":false},"featured_media":9887,"comment_status":"open","ping_status":"closed","template":"","meta":{"_acf_changed":false},"product_brand":[1284],"product_cat":[227,1359],"product_tag":[876,874],"class_list":{"0":"post-9886","1":"product","2":"type-product","3":"status-publish","4":"has-post-thumbnail","6":"product_brand-recaro","7":"product_cat-bekleding-set","8":"product_cat-recaro","9":"product_tag-410-00-030-351","10":"product_tag-410-00-270-351","11":"product_shipping_class-onderdelen-console","13":"first","14":"instock","15":"taxable","16":"shipping-taxable","17":"purchasable","18":"product-type-simple"},"composite_virtual":false,"composite_layout":"","composite_add_to_cart_form_location":"","composite_editable_in_cart":false,"composite_sold_individually_context":"","composite_shop_price_calc":"","composite_components":[],"composite_scenarios":[],"exclude_global_add_ons":[],"addons":[],"acf":[],"yoast_head":null,"yoast_head_json":null,"_links":{"self":[{"href":"https:\/\/www.carseatsandparts.com\/fr\/wp-json\/wp\/v2\/product\/9886","targetHints":{"allow":["GET"]}}],"collection":[{"href":"https:\/\/www.carseatsandparts.com\/fr\/wp-json\/wp\/v2\/product"}],"about":[{"href":"https:\/\/www.carseatsandparts.com\/fr\/wp-json\/wp\/v2\/types\/product"}],"replies":[{"embeddable":true,"href":"https:\/\/www.carseatsandparts.com\/fr\/wp-json\/wp\/v2\/comments?post=9886"}],"wp:featuredmedia":[{"embeddable":true,"href":"https:\/\/www.carseatsandparts.com\/fr\/wp-json\/wp\/v2\/media\/9887"}],"wp:attachment":[{"href":"https:\/\/www.carseatsandparts.com\/fr\/wp-json\/wp\/v2\/media?parent=9886"}],"wp:term":[{"taxonomy":"product_brand","embeddable":true,"href":"https:\/\/www.carseatsandparts.com\/fr\/wp-json\/wp\/v2\/product_brand?post=9886"},{"taxonomy":"product_cat","embeddable":true,"href":"https:\/\/www.carseatsandparts.com\/fr\/wp-json\/wp\/v2\/product_cat?post=9886"},{"taxonomy":"product_tag","embeddable":true,"href":"https:\/\/www.carseatsandparts.com\/fr\/wp-json\/wp\/v2\/product_tag?post=9886"}],"curies":[{"name":"wp","href":"https:\/\/api.w.org\/{rel}","templated":true}]}}